{"id":2710,"date":"2022-05-06T11:35:15","date_gmt":"2022-05-06T11:35:15","guid":{"rendered":"http:\/\/wp13754075.server-he.de\/?page_id=2710"},"modified":"2024-04-08T09:38:03","modified_gmt":"2024-04-08T09:38:03","slug":"news","status":"publish","type":"page","link":"https:\/\/inclusio-rbk.de\/index.php\/news\/","title":{"rendered":"Aktuelles"},"content":{"rendered":"<!-- RS_MODULE_CODE_2.5.0 --><div id=\"readspeaker_button2710\" class=\"rs_skip rsbtn rs_preserve\"><a class=\"rsbtn_play\" title=\"Um den Text anzuh&ouml;ren, verwenden Sie bitte ReadSpeaker\" accesskey=\"L\" href=\"https:\/\/app-eu.readspeaker.com\/cgi-bin\/rsent?customerid=13099&amp;lang=de_de&amp;readid=rspeak_read_2710&amp;url=http%3A%2F%2Finclusio-rbk.de%2Findex.php%2Fwp-json%2Fwp%2Fv2%2Fpages%2F2710\"><span class=\"rsbtn_left rsimg rspart\"><span class=\"rsbtn_text\"><span>Vorlesen<\/span><\/span><\/span><span class=\"rsbtn_right rsimg rsplay rspart\"><\/span><\/a><\/div><div id=\"rspeak_read_2710\"><div data-colibri-id=\"2710-c1\" class=\"style-605 style-local-2710-c1 position-relative\">\r\n  <!---->\r\n  <div data-colibri-component=\"section\" data-colibri-id=\"2710-c2\" id=\"custom\" class=\"h-section h-section-global-spacing d-flex align-items-lg-center align-items-md-center align-items-center style-606 style-local-2710-c2 position-relative\">\r\n    <!---->\r\n    <!---->\r\n    <div class=\"h-section-grid-container h-section-boxed-container\">\r\n      <!---->\r\n      <div data-colibri-id=\"2710-c3\" class=\"h-row-container gutters-row-lg-2 gutters-row-md-2 gutters-row-0 gutters-row-v-lg-2 gutters-row-v-md-2 gutters-row-v-2 style-609 style-local-2710-c3 position-relative\">\r\n        <!---->\r\n        <div class=\"h-row justify-content-lg-center justify-content-md-center justify-content-center align-items-lg-stretch align-items-md-stretch align-items-stretch gutters-col-lg-2 gutters-col-md-2 gutters-col-0 gutters-col-v-lg-2 gutters-col-v-md-2 gutters-col-v-2\">\r\n          <!---->\r\n          <div class=\"h-column h-column-container d-flex h-col-lg-auto h-col-md-auto h-col-auto style-610-outer style-local-2710-c4-outer\">\r\n            <div data-colibri-id=\"2710-c4\" class=\"d-flex h-flex-basis h-column__inner h-px-lg-2 h-px-md-2 h-px-2 v-inner-lg-2 v-inner-md-2 v-inner-2 style-610 style-local-2710-c4 position-relative\">\r\n              <!---->\r\n              <!---->\r\n              <div class=\"w-100 h-y-container h-column__content h-column__v-align flex-basis-100 align-self-lg-start align-self-md-start align-self-start\">\r\n                <!---->\r\n                <div data-colibri-id=\"2710-c5\" class=\"style-611 style-local-2710-c5 position-relative h-element\">\r\n                  <!---->\r\n                  <div class=\"\"><div id=\"metaslider-id-767\" style=\"width: 100%;\" class=\"ml-slider-3-108-0 ml-slider-pro-2-18-2 metaslider metaslider-flex metaslider-767 ml-slider .metaslider has-dots-nav effect2 ms-theme-_theme_1613732620\" role=\"region\" aria-label=\"Aktuelles Inclusio\" data-height=\"470\" data-width=\"1187\">\n    <div id=\"metaslider_container_767\">\n        <div id=\"metaslider_767\">\n            <ul class='slides'>\n                <li style=\"display: block; width: 100%;\" class=\"slide-2720 ms-image \" aria-roledescription=\"slide\" data-date=\"2022-05-06 11:47:49\" data-filename=\"akturelles\u00a9Heide-Prange-1187x470.jpg\" data-slide-type=\"image\"><img loading=\"lazy\" decoding=\"async\" src=\"https:\/\/inclusio-rbk.de\/wp-content\/uploads\/2022\/05\/akturelles\u00a9Heide-Prange-1187x470.jpg\" height=\"470\" width=\"1187\" alt=\"\" class=\"slider-767 slide-2720 msDefaultImage\" title=\"aktuelles\u00a9Heide-Prange\" \/><\/li>\n            <\/ul>\n        <\/div>\n        \n    <\/div>\n<\/div><\/div>\r\n                <\/div>\r\n              <\/div>\r\n            <\/div>\r\n          <\/div>\r\n        <\/div>\r\n      <\/div>\r\n    <\/div>\r\n  <\/div>\r\n  <div data-colibri-component=\"section\" data-colibri-id=\"2710-c6\" id=\"custom-2\" class=\"h-section h-section-global-spacing d-flex align-items-lg-center align-items-md-center align-items-center style-613 style-local-2710-c6 position-relative\">\r\n    <!---->\r\n    <!---->\r\n    <div class=\"h-section-grid-container h-section-boxed-container\">\r\n      <!---->\r\n      <div data-colibri-id=\"2710-c7\" class=\"h-row-container gutters-row-lg-2 gutters-row-md-2 gutters-row-0 gutters-row-v-lg-2 gutters-row-v-md-2 gutters-row-v-2 style-624 style-local-2710-c7 position-relative\">\r\n        <!---->\r\n        <div class=\"h-row justify-content-lg-center justify-content-md-center justify-content-center align-items-lg-stretch align-items-md-stretch align-items-stretch gutters-col-lg-2 gutters-col-md-2 gutters-col-0 gutters-col-v-lg-2 gutters-col-v-md-2 gutters-col-v-2\">\r\n          <!---->\r\n          <div class=\"h-column h-column-container d-flex h-col-lg-auto h-col-md-auto h-col-auto style-625-outer style-local-2710-c8-outer\">\r\n            <div data-colibri-id=\"2710-c8\" class=\"d-flex h-flex-basis h-column__inner h-px-lg-2 h-px-md-2 h-px-2 v-inner-lg-2 v-inner-md-2 v-inner-2 style-625 style-local-2710-c8 position-relative\">\r\n              <!---->\r\n              <!---->\r\n              <div class=\"w-100 h-y-container h-column__content h-column__v-align flex-basis-100 align-self-lg-start align-self-md-start align-self-start\">\r\n                <!---->\r\n                <div data-colibri-id=\"2710-c9\" class=\"h-text h-text-component style-627 style-local-2710-c9 position-relative h-element\">\r\n                  <!---->\r\n                  <!---->\r\n                  <div class=\"\">\r\n                    <h4>Link zum\r\n                      <a href=\"https:\/\/www.cbf-rbk.de\/club-programm.html\" target=\"_blank\" class=\"customize-unpreviewable\" draggable=\"false\" rel=\"noopener\">Club-Programm CBF&nbsp;<\/a>\r\n                    <\/h4>\r\n                  <\/div>\r\n                <\/div>\r\n              <\/div>\r\n            <\/div>\r\n          <\/div>\r\n          <div class=\"h-column h-column-container d-flex h-col-lg-auto h-col-md-auto h-col-auto style-626-outer style-local-2710-c10-outer\">\r\n            <div data-colibri-id=\"2710-c10\" class=\"d-flex h-flex-basis h-column__inner h-px-lg-2 h-px-md-2 h-px-2 v-inner-lg-2 v-inner-md-2 v-inner-2 style-626 style-local-2710-c10 position-relative\">\r\n              <!---->\r\n              <!---->\r\n              <div class=\"w-100 h-y-container h-column__content h-column__v-align flex-basis-100 align-self-lg-start align-self-md-start align-self-start\">\r\n                <!---->\r\n                <div data-colibri-id=\"2710-c11\" class=\"h-text h-text-component style-627 style-local-2710-c11 position-relative h-element\">\r\n                  <!---->\r\n                  <!---->\r\n                  <div class=\"\">\r\n                    <h4>Link zum\r\n                      <a href=\"https:\/\/grenzenlos-gl.de\" class=\"customize-unpreviewable\">Programm von GrenzenLos&nbsp;<\/a>\r\n                    <\/h4>\r\n                  <\/div>\r\n                <\/div>\r\n              <\/div>\r\n            <\/div>\r\n          <\/div>\r\n        <\/div>\r\n      <\/div>\r\n      <div data-colibri-id=\"2710-c12\" class=\"h-row-container gutters-row-lg-2 gutters-row-md-2 gutters-row-0 gutters-row-v-lg-2 gutters-row-v-md-2 gutters-row-v-2 style-632 style-local-2710-c12 position-relative\">\r\n        <!---->\r\n        <div class=\"h-row justify-content-lg-center justify-content-md-center justify-content-center align-items-lg-stretch align-items-md-stretch align-items-stretch gutters-col-lg-2 gutters-col-md-2 gutters-col-0 gutters-col-v-lg-2 gutters-col-v-md-2 gutters-col-v-2\">\r\n          <!---->\r\n          <div class=\"h-column h-column-container d-flex h-col-lg-auto h-col-md-auto h-col-auto style-633-outer style-local-2710-c13-outer\">\r\n            <div data-colibri-id=\"2710-c13\" class=\"d-flex h-flex-basis h-column__inner h-px-lg-2 h-px-md-2 h-px-2 v-inner-lg-2 v-inner-md-2 v-inner-2 style-633 style-local-2710-c13 position-relative\">\r\n              <!---->\r\n              <!---->\r\n              <div class=\"w-100 h-y-container h-column__content h-column__v-align flex-basis-100 align-self-lg-start align-self-md-start align-self-start\">\r\n                <!---->\r\n                <div data-colibri-id=\"2710-c14\" class=\"h-divider style-636 style-local-2710-c14 position-relative h-element\">\r\n                  <!----><span class=\"h-divider__line style-636-line style-local-2710-c14-line style-636-line style-local-2710-c14-line\"><\/span> <span class=\"h-svg-icon h-divider__icon style-636-icon style-local-2710-c14-icon\"><!--Icon by Font Awesome (https:\/\/fontawesome.com)-->\r\n    <svg version=\"1.1\" xmlns=\"http:\/\/www.w3.org\/2000\/svg\" xmlns:xlink=\"http:\/\/www.w3.org\/1999\/xlink\" id=\"star\" viewBox=\"0 0 1664 1896.0833\">\r\n      <path d=\"M1664 647q0 22-26 48l-363 354 86 500q1 7 1 20 0 21-10.5 35.5T1321 1619q-19 0-40-12l-449-236-449 236q-22 12-40 12-21 0-31.5-14.5T301 1569q0-6 2-20l86-500L25 695Q0 668 0 647q0-37 56-46l502-73L783 73q19-41 49-41t49 41l225 455 502 73q56 9 56 46z\"><\/path>\r\n    <\/svg><\/span> <span class=\"h-divider__line style-636-line style-local-2710-c14-line style-636-line style-local-2710-c14-line\"><\/span><\/div>\r\n              <\/div>\r\n            <\/div>\r\n          <\/div>\r\n        <\/div>\r\n      <\/div>\r\n      <div data-colibri-id=\"2710-c15\" class=\"h-row-container gutters-row-lg-2 gutters-row-md-2 gutters-row-0 gutters-row-v-lg-2 gutters-row-v-md-2 gutters-row-v-2 style-619 style-local-2710-c15 position-relative\">\r\n        <!---->\r\n        <div class=\"h-row justify-content-lg-center justify-content-md-center justify-content-center align-items-lg-stretch align-items-md-stretch align-items-stretch gutters-col-lg-2 gutters-col-md-2 gutters-col-0 gutters-col-v-lg-2 gutters-col-v-md-2 gutters-col-v-2\">\r\n          <!---->\r\n          <div class=\"h-column h-column-container d-flex h-col-lg-auto h-col-md-auto h-col-auto style-620-outer style-local-2710-c16-outer\">\r\n            <div data-colibri-id=\"2710-c16\" class=\"d-flex h-flex-basis h-column__inner h-ui-empty-state-container h-px-lg-2 h-px-md-2 h-px-2 v-inner-lg-2 v-inner-md-2 v-inner-2 style-620 style-local-2710-c16 position-relative\">\r\n              <!---->\r\n              <!---->\r\n              <div class=\"w-100 h-y-container h-column__content h-column__v-align flex-basis-100\">\r\n                <!---->\r\n              <\/div>\r\n            <\/div>\r\n          <\/div>\r\n          <div class=\"h-column h-column-container d-flex h-col-lg-auto h-col-md-auto h-col-auto style-620-outer style-local-2710-c19-outer\">\r\n            <div data-colibri-id=\"2710-c19\" class=\"d-flex h-flex-basis h-column__inner h-px-lg-2 h-px-md-2 h-px-2 v-inner-lg-2 v-inner-md-2 v-inner-2 style-620 style-local-2710-c19 position-relative\">\r\n              <!---->\r\n              <!---->\r\n              <div class=\"w-100 h-y-container h-column__content h-column__v-align flex-basis-100 align-self-lg-start align-self-md-start align-self-start\">\r\n                <!---->\r\n                <div data-colibri-id=\"2710-c20\" class=\"d-block style-759 style-local-2710-c20 position-relative h-element\">\r\n                  <!---->\r\n                  <div class=\"h-image__frame-container-outer\">\r\n                    <div class=\"h-image__frame-container\">\r\n                      <!---->\r\n                      <!---->\r\n                      <img decoding=\"async\" src=\"https:\/\/inclusio-rbk.de\/wp-content\/uploads\/2023\/02\/Leichte-Sprache-LOGO.jpg\" class=\"style-759-image style-local-2710-c20-image\">\r\n                      <div class=\"h-image__frame h-hide-lg h-hide-md h-hide-sm style-759-frameImage style-local-2710-c20-frameImage\"><\/div>\r\n                    <\/div>\r\n                  <\/div>\r\n                <\/div>\r\n                <div data-colibri-id=\"2710-c21\" class=\"h-text h-text-component style-621 style-local-2710-c21 position-relative h-element\">\r\n                  <!---->\r\n                  <!---->\r\n                  <div class=\"\">\r\n                    <p><span style=\"font-weight: 400; color: rgb(0, 0, 0); font-size: 16pt;\">&nbsp;&nbsp;&nbsp;&nbsp;&nbsp;&nbsp;&nbsp;&nbsp;&nbsp;&nbsp;&nbsp;&nbsp;&nbsp;&nbsp;&nbsp;<\/span> <span style=\"font-weight: 400;\"><br> <\/span><span style=\"font-weight: 600; color: rgb(25, 2, 133);\">Unser Team &#8222;Leichte Sprache&#8220;<\/span>\r\n                      <span\r\n                        style=\"font-weight: 400; color: rgb(25, 2, 133);\">\r\n                        <br>\r\n                        <br>Wir pr\u00fcfen Ihre Texte auf Barriere-Freiheit.\r\n                        <br>\r\n                        <br>Von uns gepr\u00fcfte Texte versehen wir mit unserem Pr\u00fcf-Siegel.\r\n                        <br>\r\n                        <br>Bitte nutzen Sie f\u00fcr Angebots-Anfragen unser Kontakt-Formular.\r\n                        <br>\r\n                        <\/span>\r\n                    <\/p>\r\n                    <p>\r\n                      <br>\r\n                    <\/p>\r\n                    <p>\r\n                      <br>\r\n                    <\/p>\r\n                  <\/div>\r\n                <\/div>\r\n              <\/div>\r\n            <\/div>\r\n          <\/div>\r\n        <\/div>\r\n      <\/div>\r\n    <\/div>\r\n  <\/div>\r\n<\/div><\/div>","protected":false},"excerpt":{"rendered":"<p><!-- RS_MODULE_CODE_2.5.0 --><\/p>\n<div id=\"readspeaker_button2710\" class=\"rs_skip rsbtn rs_preserve\"><a class=\"rsbtn_play\" title=\"Um den Text anzuh&ouml;ren, verwenden Sie bitte ReadSpeaker\" accesskey=\"L\" href=\"https:\/\/app-eu.readspeaker.com\/cgi-bin\/rsent?customerid=13099&amp;lang=de_de&amp;readid=rspeak_read_2710&amp;url=http%3A%2F%2Finclusio-rbk.de%2Findex.php%2Fwp-json%2Fwp%2Fv2%2Fpages%2F2710\"><span class=\"rsbtn_left rsimg rspart\"><span class=\"rsbtn_text\"><span>Vorlesen<\/span><\/span><\/span><span class=\"rsbtn_right rsimg rsplay rspart\"><\/span><\/a><\/div>\n<div id=\"rspeak_read_2710\"> Link zum Club-Programm CBF&nbsp; Link zum Programm von GrenzenLos&nbsp; &nbsp;&nbsp;&nbsp;&nbsp;&nbsp;&nbsp;&nbsp;&nbsp;&nbsp;&nbsp;&nbsp;&nbsp;&nbsp;&nbsp;&nbsp; Unser Team &#8222;Leichte Sprache&#8220; Wir pr\u00fcfen Ihre Texte auf Barriere-Freiheit. Von uns gepr\u00fcfte Texte versehen wir mit unserem Pr\u00fcf-Siegel. Bitte nutzen Sie f\u00fcr Angebots-Anfragen unser Kontakt-Formular.<\/div>\n","protected":false},"author":1,"featured_media":0,"parent":0,"menu_order":0,"comment_status":"closed","ping_status":"closed","template":"page-templates\/full-width-page.php","meta":{"footnotes":""},"class_list":["post-2710","page","type-page","status-publish","hentry"],"_links":{"self":[{"href":"https:\/\/inclusio-rbk.de\/index.php\/wp-json\/wp\/v2\/pages\/2710","targetHints":{"allow":["GET"]}}],"collection":[{"href":"https:\/\/inclusio-rbk.de\/index.php\/wp-json\/wp\/v2\/pages"}],"about":[{"href":"https:\/\/inclusio-rbk.de\/index.php\/wp-json\/wp\/v2\/types\/page"}],"author":[{"embeddable":true,"href":"https:\/\/inclusio-rbk.de\/index.php\/wp-json\/wp\/v2\/users\/1"}],"replies":[{"embeddable":true,"href":"https:\/\/inclusio-rbk.de\/index.php\/wp-json\/wp\/v2\/comments?post=2710"}],"version-history":[{"count":20,"href":"https:\/\/inclusio-rbk.de\/index.php\/wp-json\/wp\/v2\/pages\/2710\/revisions"}],"predecessor-version":[{"id":3783,"href":"https:\/\/inclusio-rbk.de\/index.php\/wp-json\/wp\/v2\/pages\/2710\/revisions\/3783"}],"wp:attachment":[{"href":"https:\/\/inclusio-rbk.de\/index.php\/wp-json\/wp\/v2\/media?parent=2710"}],"curies":[{"name":"wp","href":"https:\/\/api.w.org\/{rel}","templated":true}]}}