{"id":884,"date":"2021-02-24T15:42:25","date_gmt":"2021-02-24T15:42:25","guid":{"rendered":"https:\/\/waanders-garten.de\/?page_id=884"},"modified":"2023-02-10T12:54:20","modified_gmt":"2023-02-10T12:54:20","slug":"ueber-uns","status":"publish","type":"page","link":"https:\/\/inclusio-rbk.de\/index.php\/ueber-uns\/","title":{"rendered":"\u00dcber uns"},"content":{"rendered":"<!-- RS_MODULE_CODE_2.5.0 --><div id=\"readspeaker_button884\" class=\"rs_skip rsbtn rs_preserve\"><a class=\"rsbtn_play\" title=\"Um den Text anzuh&ouml;ren, verwenden Sie bitte ReadSpeaker\" accesskey=\"L\" href=\"https:\/\/app-eu.readspeaker.com\/cgi-bin\/rsent?customerid=13099&amp;lang=de_de&amp;readid=rspeak_read_884&amp;url=http%3A%2F%2Finclusio-rbk.de%2Findex.php%2Fwp-json%2Fwp%2Fv2%2Fpages%2F884\"><span class=\"rsbtn_left rsimg rspart\"><span class=\"rsbtn_text\"><span>Vorlesen<\/span><\/span><\/span><span class=\"rsbtn_right rsimg rsplay rspart\"><\/span><\/a><\/div><div id=\"rspeak_read_884\"><div data-colibri-id=\"884-c1\" class=\"style-447 style-local-884-c1 position-relative\">\n  <!---->\n  <div data-colibri-component=\"section\" data-colibri-id=\"884-c2\" id=\"custom\" class=\"h-section h-section-global-spacing d-flex align-items-lg-center align-items-md-center align-items-center style-448 style-local-884-c2 position-relative\">\n    <!---->\n    <!---->\n    <div class=\"h-section-grid-container h-section-boxed-container\">\n      <!---->\n      <div data-colibri-id=\"884-c3\" class=\"h-row-container gutters-row-lg-3 gutters-row-md-3 gutters-row-0 gutters-row-v-lg-3 gutters-row-v-md-3 gutters-row-v-3 style-449 style-local-884-c3 position-relative\">\n        <!---->\n        <div class=\"h-row justify-content-lg-center justify-content-md-center justify-content-center align-items-lg-center align-items-md-center align-items-center gutters-col-lg-3 gutters-col-md-3 gutters-col-0 gutters-col-v-lg-3 gutters-col-v-md-3 gutters-col-v-3\">\n          <!---->\n          <div class=\"h-column h-column-container d-flex h-col-lg-12 h-col-md-12 h-col-12 align-self-lg-center align-self-md-center align-self-center style-450-outer style-local-884-c4-outer\">\n            <div data-colibri-id=\"884-c4\" class=\"d-flex h-flex-basis h-column__inner h-px-lg-2 h-px-md-2 h-px-2 v-inner-lg-2 v-inner-md-2 v-inner-2 style-450 style-local-884-c4 position-relative\">\n              <!---->\n              <!---->\n              <div class=\"w-100 h-y-container h-column__content h-column__v-align flex-basis-100 align-self-lg-start align-self-md-start align-self-start\">\n                <!---->\n                <div data-colibri-id=\"884-c5\" class=\"style-451 style-local-884-c5 position-relative h-element\">\n                  <!---->\n                  <div class=\"\"><div id=\"metaslider-id-917\" style=\"width: 100%;\" class=\"ml-slider-3-108-0 ml-slider-pro-2-18-2 metaslider metaslider-flex metaslider-917 ml-slider .metaslider has-dots-nav effect2 ms-theme-_theme_1613732620\" role=\"region\" aria-label=\"\u00dcber uns INCLUSIO\" data-height=\"470\" data-width=\"1187\">\n    <div id=\"metaslider_container_917\">\n        <div id=\"metaslider_917\">\n            <ul class='slides'>\n                <li style=\"display: block; width: 100%;\" class=\"slide-918 ms-image \" aria-roledescription=\"slide\" data-date=\"2021-02-24 15:55:57\" data-filename=\"netzwerk-1187x470.jpg\" data-slide-type=\"image\"><img loading=\"lazy\" decoding=\"async\" src=\"https:\/\/inclusio-rbk.de\/wp-content\/uploads\/2022\/05\/netzwerk-1187x470.jpg\" height=\"470\" width=\"1187\" alt=\"\" class=\"slider-917 slide-918 msDefaultImage\" title=\"netzwerk\" \/><div class=\"caption-wrap\"><div class=\"caption\">G E M E I N S A M<\/div><\/div><\/li>\n                <li style=\"display: none; width: 100%;\" class=\"slide-919 ms-image \" aria-roledescription=\"slide\" data-date=\"2021-02-24 15:55:57\" data-filename=\"slide-12\u00a9Heide-Prange-1187x470.jpg\" data-slide-type=\"image\"><img loading=\"lazy\" decoding=\"async\" src=\"https:\/\/inclusio-rbk.de\/wp-content\/uploads\/2022\/05\/slide-12\u00a9Heide-Prange-1187x470.jpg\" height=\"470\" width=\"1187\" alt=\"\" class=\"slider-917 slide-919 msDefaultImage\" title=\"slide-12\u00a9Heide-Prange\" \/><div class=\"caption-wrap\"><div class=\"caption\">VON MENSCH ZU MENSCH<\/div><\/div><\/li>\n                <li style=\"display: none; width: 100%;\" class=\"slide-920 ms-image \" aria-roledescription=\"slide\" data-date=\"2021-02-24 15:55:57\" data-filename=\"slide-08\u00a9Heide-Prange-1-1187x470.jpg\" data-slide-type=\"image\"><img loading=\"lazy\" decoding=\"async\" src=\"https:\/\/inclusio-rbk.de\/wp-content\/uploads\/2022\/05\/slide-08\u00a9Heide-Prange-1-1187x470.jpg\" height=\"470\" width=\"1187\" alt=\"\" class=\"slider-917 slide-920 msDefaultImage\" title=\"slide-08\u00a9Heide-Prange\" \/><div class=\"caption-wrap\"><div class=\"caption\">M I T E I N A N D E R<\/div><\/div><\/li>\n            <\/ul>\n        <\/div>\n        \n    <\/div>\n<\/div><\/div>\n                <\/div>\n              <\/div>\n            <\/div>\n          <\/div>\n        <\/div>\n      <\/div>\n    <\/div>\n  <\/div>\n  <div data-colibri-component=\"section\" data-colibri-id=\"884-c6\" id=\"custom-2\" class=\"h-section h-section-global-spacing d-flex align-items-lg-center align-items-md-center align-items-center style-452 style-local-884-c6 position-relative\">\n    <!---->\n    <!---->\n    <div class=\"h-section-grid-container h-section-boxed-container\">\n      <!---->\n      <div data-colibri-id=\"884-c7\" class=\"h-row-container gutters-row-lg-2 gutters-row-md-2 gutters-row-0 gutters-row-v-lg-2 gutters-row-v-md-2 gutters-row-v-2 style-453 style-local-884-c7 position-relative\">\n        <!---->\n        <div class=\"h-row justify-content-lg-center justify-content-md-center justify-content-center align-items-lg-stretch align-items-md-stretch align-items-stretch gutters-col-lg-2 gutters-col-md-2 gutters-col-0 gutters-col-v-lg-2 gutters-col-v-md-2 gutters-col-v-2\">\n          <!---->\n          <div class=\"h-column h-column-container d-flex h-col-lg-12 h-col-md-12 h-col-12 style-454-outer style-local-884-c8-outer\">\n            <div data-colibri-id=\"884-c8\" class=\"d-flex h-flex-basis h-column__inner h-px-lg-2 h-px-md-2 h-px-2 v-inner-lg-2 v-inner-md-2 v-inner-2 style-454 style-local-884-c8 position-relative\">\n              <!---->\n              <!---->\n              <div class=\"w-100 h-y-container h-column__content h-column__v-align flex-basis-100 align-self-lg-start align-self-md-start align-self-start\">\n                <!---->\n                <div data-colibri-id=\"884-c9\" class=\"h-text h-text-component style-455 style-local-884-c9 position-relative h-element\">\n                  <!---->\n                  <!---->\n                  <div class=\"\">\n                    <h3><span style=\"font-weight: 300; color: black; font-family: &quot;Open Sans&quot;; font-size: 23pt;\">Inclusio Rhein-Berg &#8211;<br>ein gemeinn\u00fctziges Unternehmen das in der Behindertenhilfe t\u00e4tig ist.<\/span><span style=\"font-weight: 300; color: black; font-family: &quot;Open Sans&quot;; font-size: 18pt;\"><br><\/span><\/h3>\n                    <h3><span style=\"font-size: 72%;\">Die Inclusio Rhein-Berg gGmbH wurde 2018 aus dem Wunsch heraus gegr\u00fcndet, das Recht eines jeden Menschen auf Teilhabe am \u00f6ffentlichen und gesellschaftlichen Leben im Rheinisch-Bergischen Kreis \u2013 unabh\u00e4ngig von Alter und Behinderungsart \u2013 zu verwirklichen und erlebbar zu machen.<\/span><\/h3>\n                    <h3><strong style=\"font-size: 72%; color: rgb(7, 7, 7); font-weight: 300;\">Unser Leitbild<\/strong><span style=\"font-size: 72%; color: rgb(7, 7, 7);\"> orientiert sich am Anspruch eines jeden Menschen auf W\u00fcrde, Respekt und Teilhabe am gesellschaftlichen Leben, denn:&nbsp;<\/span>\n                      <span\n                        style=\"font-size: 22.68px; color: rgb(10, 10, 10); font-family: &quot;Open Sans&quot;; font-weight: 300;\">Jeder Mensch ist wertvoll. Jeder Mensch geh\u00f6rt dazu, so wie er ist. Jeder Mensch soll gleicherma\u00dfen am Gemeinschaftsleben teilhaben, egal, ob mit oder ohne Behinderung. Niemand darf abseits stehen.<\/span>\n                        <a href=\"http:\/\/wp13754075.server-he.de\/index.php\/kontakt\"\n                          style=\"color: rgb(68, 114, 196); font-family: &quot;Open Sans&quot;; font-size: 18pt; font-weight: 300;\" class=\"customize-unpreviewable\">\n                          <br>\n                        <\/a>\n                    <\/h3>\n                    <p>\n                      <br>\n                    <\/p>\n                  <\/div>\n                <\/div>\n              <\/div>\n            <\/div>\n          <\/div>\n        <\/div>\n      <\/div>\n    <\/div>\n  <\/div>\n<\/div><\/div>","protected":false},"excerpt":{"rendered":"<p><!-- RS_MODULE_CODE_2.5.0 --><\/p>\n<div id=\"readspeaker_button884\" class=\"rs_skip rsbtn rs_preserve\"><a class=\"rsbtn_play\" title=\"Um den Text anzuh&ouml;ren, verwenden Sie bitte ReadSpeaker\" accesskey=\"L\" href=\"https:\/\/app-eu.readspeaker.com\/cgi-bin\/rsent?customerid=13099&amp;lang=de_de&amp;readid=rspeak_read_884&amp;url=http%3A%2F%2Finclusio-rbk.de%2Findex.php%2Fwp-json%2Fwp%2Fv2%2Fpages%2F884\"><span class=\"rsbtn_left rsimg rspart\"><span class=\"rsbtn_text\"><span>Vorlesen<\/span><\/span><\/span><span class=\"rsbtn_right rsimg rsplay rspart\"><\/span><\/a><\/div>\n<div id=\"rspeak_read_884\"> Inclusio Rhein-Berg &#8211;ein gemeinn\u00fctziges Unternehmen das in der Behindertenhilfe t\u00e4tig ist. Die Inclusio Rhein-Berg gGmbH wurde 2018 aus dem Wunsch heraus gegr\u00fcndet, das Recht eines jeden Menschen auf Teilhabe am \u00f6ffentlichen und gesellschaftlichen Leben im Rheinisch-Bergischen Kreis \u2013 unabh\u00e4ngig von Alter und Behinderungsart \u2013 zu verwirklichen und erlebbar zu machen. Unser Leitbild orientiert sich [&hellip;]<\/div>\n","protected":false},"author":1,"featured_media":0,"parent":0,"menu_order":0,"comment_status":"closed","ping_status":"closed","template":"page-templates\/full-width-page.php","meta":{"footnotes":""},"class_list":["post-884","page","type-page","status-publish","hentry"],"_links":{"self":[{"href":"https:\/\/inclusio-rbk.de\/index.php\/wp-json\/wp\/v2\/pages\/884","targetHints":{"allow":["GET"]}}],"collection":[{"href":"https:\/\/inclusio-rbk.de\/index.php\/wp-json\/wp\/v2\/pages"}],"about":[{"href":"https:\/\/inclusio-rbk.de\/index.php\/wp-json\/wp\/v2\/types\/page"}],"author":[{"embeddable":true,"href":"https:\/\/inclusio-rbk.de\/index.php\/wp-json\/wp\/v2\/users\/1"}],"replies":[{"embeddable":true,"href":"https:\/\/inclusio-rbk.de\/index.php\/wp-json\/wp\/v2\/comments?post=884"}],"version-history":[{"count":20,"href":"https:\/\/inclusio-rbk.de\/index.php\/wp-json\/wp\/v2\/pages\/884\/revisions"}],"predecessor-version":[{"id":3699,"href":"https:\/\/inclusio-rbk.de\/index.php\/wp-json\/wp\/v2\/pages\/884\/revisions\/3699"}],"wp:attachment":[{"href":"https:\/\/inclusio-rbk.de\/index.php\/wp-json\/wp\/v2\/media?parent=884"}],"curies":[{"name":"wp","href":"https:\/\/api.w.org\/{rel}","templated":true}]}}