{"id":979,"date":"2021-02-25T10:58:25","date_gmt":"2021-02-25T10:58:25","guid":{"rendered":"https:\/\/waanders-garten.de\/?page_id=979"},"modified":"2024-04-08T09:25:40","modified_gmt":"2024-04-08T09:25:40","slug":"teilhabe-angebote","status":"publish","type":"page","link":"https:\/\/inclusio-rbk.de\/index.php\/teilhabe-angebote\/","title":{"rendered":"Teilhabe-Angebot"},"content":{"rendered":"<!-- RS_MODULE_CODE_2.5.0 --><div id=\"readspeaker_button979\" class=\"rs_skip rsbtn rs_preserve\"><a class=\"rsbtn_play\" title=\"Um den Text anzuh&ouml;ren, verwenden Sie bitte ReadSpeaker\" accesskey=\"L\" href=\"https:\/\/app-eu.readspeaker.com\/cgi-bin\/rsent?customerid=13099&amp;lang=de_de&amp;readid=rspeak_read_979&amp;url=http%3A%2F%2Finclusio-rbk.de%2Findex.php%2Fwp-json%2Fwp%2Fv2%2Fpages%2F979\"><span class=\"rsbtn_left rsimg rspart\"><span class=\"rsbtn_text\"><span>Vorlesen<\/span><\/span><\/span><span class=\"rsbtn_right rsimg rsplay rspart\"><\/span><\/a><\/div><div id=\"rspeak_read_979\"><div data-colibri-id=\"979-c1\" class=\"style-474 style-local-979-c1 position-relative\">\r\n  <!---->\r\n  <div data-colibri-component=\"section\" data-colibri-id=\"979-c2\" id=\"custom\" class=\"h-section h-section-global-spacing d-flex align-items-lg-center align-items-md-center align-items-center style-475 style-local-979-c2 position-relative\">\r\n    <!---->\r\n    <!---->\r\n    <div class=\"h-section-grid-container h-section-boxed-container\">\r\n      <!---->\r\n      <div data-colibri-id=\"979-c3\" class=\"h-row-container gutters-row-lg-3 gutters-row-md-3 gutters-row-0 gutters-row-v-lg-3 gutters-row-v-md-3 gutters-row-v-3 style-476 style-local-979-c3 position-relative\">\r\n        <!---->\r\n        <div class=\"h-row justify-content-lg-center justify-content-md-center justify-content-center align-items-lg-center align-items-md-center align-items-center gutters-col-lg-3 gutters-col-md-3 gutters-col-0 gutters-col-v-lg-3 gutters-col-v-md-3 gutters-col-v-3\">\r\n          <!---->\r\n          <div class=\"h-column h-column-container d-flex h-col-lg-12 h-col-md-12 h-col-12 align-self-lg-center align-self-md-center align-self-center style-477-outer style-local-979-c4-outer\">\r\n            <div data-colibri-id=\"979-c4\" class=\"d-flex h-flex-basis h-column__inner h-px-lg-2 h-px-md-2 h-px-2 v-inner-lg-2 v-inner-md-2 v-inner-2 style-477 style-local-979-c4 position-relative\">\r\n              <!---->\r\n              <!---->\r\n              <div class=\"w-100 h-y-container h-column__content h-column__v-align flex-basis-100 align-self-lg-start align-self-md-start align-self-start\">\r\n                <!---->\r\n                <div data-colibri-id=\"979-c5\" class=\"style-478 style-local-979-c5 position-relative h-element\">\r\n                  <!---->\r\n                  <div class=\"\"><div id=\"metaslider-id-998\" style=\"width: 100%;\" class=\"ml-slider-3-108-0 ml-slider-pro-2-18-2 metaslider metaslider-flex metaslider-998 ml-slider .metaslider effect2 ms-theme-_theme_1613732620 nav-hidden\" role=\"region\" aria-label=\"Teilhabe-Angebot INCLUSION\" data-height=\"470\" data-width=\"1187\">\n    <div id=\"metaslider_container_998\">\n        <div id=\"metaslider_998\">\n            <ul class='slides'>\n                <li style=\"display: block; width: 100%;\" class=\"slide-999 ms-image \" aria-roledescription=\"slide\" data-date=\"2021-02-25 11:32:19\" data-filename=\"slide-08\u00a9Heide-Prange-1-1187x470.jpg\" data-slide-type=\"image\"><img loading=\"lazy\" decoding=\"async\" src=\"https:\/\/inclusio-rbk.de\/wp-content\/uploads\/2022\/05\/slide-08\u00a9Heide-Prange-1-1187x470.jpg\" height=\"470\" width=\"1187\" alt=\"\" class=\"slider-998 slide-999 msDefaultImage\" title=\"slide-08\u00a9Heide-Prange\" \/><div class=\"caption-wrap\"><div class=\"caption\">M I T M A C H E N<\/div><\/div><\/li>\n            <\/ul>\n        <\/div>\n        \n    <\/div>\n<\/div><\/div>\r\n                <\/div>\r\n              <\/div>\r\n            <\/div>\r\n          <\/div>\r\n        <\/div>\r\n      <\/div>\r\n    <\/div>\r\n  <\/div>\r\n  <div data-colibri-component=\"section\" data-colibri-id=\"979-c6\" id=\"custom-2\" class=\"h-section h-section-global-spacing d-flex align-items-lg-start align-items-md-start align-items-start style-591 style-local-979-c6 position-relative\">\r\n    <!---->\r\n    <!---->\r\n    <div class=\"h-section-grid-container h-section-boxed-container\">\r\n      <!---->\r\n      <div data-colibri-id=\"979-c7\" class=\"h-row-container gutters-row-lg-2 gutters-row-md-2 gutters-row-0 gutters-row-v-lg-2 gutters-row-v-md-2 gutters-row-v-2 style-742 style-local-979-c7 position-relative\">\r\n        <!---->\r\n        <div class=\"h-row justify-content-lg-center justify-content-md-center justify-content-center align-items-lg-stretch align-items-md-stretch align-items-stretch gutters-col-lg-2 gutters-col-md-2 gutters-col-0 gutters-col-v-lg-2 gutters-col-v-md-2 gutters-col-v-2\">\r\n          <!---->\r\n          <div class=\"h-column h-column-container d-flex h-col-lg-auto h-col-md-auto h-col-auto style-743-outer style-local-979-c8-outer\">\r\n            <div data-colibri-id=\"979-c8\" class=\"d-flex h-flex-basis h-column__inner h-px-lg-2 h-px-md-2 h-px-2 v-inner-lg-2 v-inner-md-2 v-inner-2 style-743 style-local-979-c8 position-relative\">\r\n              <!---->\r\n              <!---->\r\n              <div class=\"w-100 h-y-container h-column__content h-column__v-align flex-basis-100 align-self-lg-start align-self-md-start align-self-start\">\r\n                <!---->\r\n                <div data-colibri-id=\"979-c9\" class=\"style-745 style-local-979-c9 position-relative h-element\">\r\n                  <!---->\r\n                  <div class=\"\">\r\n                    <div id=\"readspeaker_button1\" class=\"rs_skip rsbtn rs_preserve\">\r\n                      <a rel=\"nofollow\" class=\"rsbtn_play\" accesskey=\"L\" title=\"Um den Text anzuh\u00f6ren, verwenden Sie bitte ReadSpeaker webReader\" href=\"https:\/\/app-eu.readspeaker.com\/cgi-bin\/rsent?customerid=13099&amp;lang=de_de&amp;readclass=h-text&amp;url=\">\r\n                      <span class=\"rsbtn_left rsimg rspart\"><span class=\"rsbtn_text\"><span>Vorlesen<\/span><\/span>\r\n                        <\/span> <span class=\"rsbtn_right rsimg rsplay rspart\"><\/span> <\/a>\r\n                    <\/div>\r\n                  <\/div>\r\n                <\/div>\r\n              <\/div>\r\n            <\/div>\r\n          <\/div>\r\n          <div class=\"h-column h-column-container d-flex h-col-lg-auto h-col-md-auto h-col-auto style-744-outer style-local-979-c10-outer\">\r\n            <div data-colibri-id=\"979-c10\" class=\"d-flex h-flex-basis h-column__inner h-ui-empty-state-container h-px-lg-2 h-px-md-2 h-px-2 v-inner-lg-2 v-inner-md-2 v-inner-2 style-744 style-local-979-c10 position-relative\">\r\n              <!---->\r\n              <!---->\r\n              <div class=\"w-100 h-y-container h-column__content h-column__v-align flex-basis-100\">\r\n                <!---->\r\n              <\/div>\r\n            <\/div>\r\n          <\/div>\r\n        <\/div>\r\n      <\/div>\r\n      <div data-colibri-id=\"979-c11\" class=\"h-row-container gutters-row-lg-2 gutters-row-md-2 gutters-row-0 gutters-row-v-lg-2 gutters-row-v-md-2 gutters-row-v-2 style-592 style-local-979-c11 position-relative\">\r\n        <!---->\r\n        <div class=\"h-row justify-content-lg-center justify-content-md-center justify-content-center align-items-lg-stretch align-items-md-stretch align-items-stretch gutters-col-lg-2 gutters-col-md-2 gutters-col-0 gutters-col-v-lg-2 gutters-col-v-md-2 gutters-col-v-2\">\r\n          <!---->\r\n          <div class=\"h-column h-column-container d-flex h-col-lg-auto h-col-md-auto h-col-auto style-593-outer style-local-979-c12-outer\">\r\n            <div data-colibri-id=\"979-c12\" class=\"d-flex h-flex-basis h-column__inner h-px-lg-2 h-px-md-2 h-px-2 v-inner-lg-2 v-inner-md-2 v-inner-2 style-593 style-local-979-c12 position-relative\">\r\n              <!---->\r\n              <!---->\r\n              <div class=\"w-100 h-y-container h-column__content h-column__v-align flex-basis-100 align-self-lg-start align-self-md-start align-self-start\">\r\n                <!---->\r\n                <div data-colibri-id=\"979-c13\" class=\"h-lead h-text h-text-component style-594 style-local-979-c13 position-relative h-element\">\r\n                  <!---->\r\n                  <!---->\r\n                  <div class=\"\">\r\n                    <h3>Teilhabe-Beratung, Peer-Counceling<\/h3>\r\n                    <p>Mit unserem qualifizierten Team beraten wir zu allen Themen und Fragen rund um Teilhabe. \u00dcber unseren Kooperationspartner CBF bieten wir die Beratung auch in Form des Peer-Counceling an. Das bedeutet: Betroffene beraten Betroffene.<\/p>\r\n                    <h3>F\u00f6rderung des Ehrenamts<\/h3>\r\n                    <p>Bei all unseren Angeboten bieten wir die M\u00f6glichkeit, sich ehrenamtlich zu engagieren. Zum Beispiel im Begegnungs-Caf\u00e9 GrenzenLos. In unserem \u201eTeam Ehrenamt\u201c lernen Sie die unterschiedlichen Bed\u00fcrfnisse der Besucher*innen kennen, ihre\r\n                      individuellen Bed\u00fcrfnisse verstehen und Menschen mit Behinderung bei der Nutzung der Angebote angemessen zu unterst\u00fctzen. Oder Sie \u00fcbernehmen Thekendienste. Wir freuen uns \u00fcber jede tatkr\u00e4ftige Hand. Denn ohne ehrenamtliches Engagement\r\n                      k\u00f6nnten wir Vieles nicht so bieten, wie wir es tun.<\/p>\r\n                    <h3>Barriere-Check<\/h3>\r\n                    <p>Sie m\u00f6chten Ihr eigenes Angebot barrierefrei gestalten, sind aber unsicher bei der Umsetzung? Unsere Barriere-Checker*innen helfen Ihnen dabei. Sie begehen Ihre R\u00e4umlichkeiten, pr\u00fcfen, ob und ggf. welche Anpassungen sinnvoll w\u00e4ren\r\n                      und beraten Sie bei der Umsetzung barrierefreier Veranstaltungen. Sprechen Sie uns an. Wir erstellen Ihnen gerne ein Angebot.<\/p>\r\n                    <h3>Leichte Sprache<\/h3>\r\n                    <p><span style=\"font-size: 103%;\">Wir helfen Ihnen, Ihre Texte, z. B. Flyer, barrierefrei zu formulieren. Von uns  gepr\u00fcfte Texte versehen wir mit unserem Qualit\u00e4ts-Siegel. Die Kosten der Pr\u00fcfung durch unsere Pr\u00fcfer*innen f\u00fcr Leichte Sprache orientieren sich am jeweiligen Aufwand. Sprechen Sie uns an.&nbsp;Wir erstellen Ihnen gerne ein Angebot.<\/span><\/p>\r\n                  <\/div>\r\n                <\/div>\r\n              <\/div>\r\n            <\/div>\r\n          <\/div>\r\n        <\/div>\r\n      <\/div>\r\n    <\/div>\r\n  <\/div>\r\n<\/div><\/div>","protected":false},"excerpt":{"rendered":"<p><!-- RS_MODULE_CODE_2.5.0 --><\/p>\n<div id=\"readspeaker_button979\" class=\"rs_skip rsbtn rs_preserve\"><a class=\"rsbtn_play\" title=\"Um den Text anzuh&ouml;ren, verwenden Sie bitte ReadSpeaker\" accesskey=\"L\" href=\"https:\/\/app-eu.readspeaker.com\/cgi-bin\/rsent?customerid=13099&amp;lang=de_de&amp;readid=rspeak_read_979&amp;url=http%3A%2F%2Finclusio-rbk.de%2Findex.php%2Fwp-json%2Fwp%2Fv2%2Fpages%2F979\"><span class=\"rsbtn_left rsimg rspart\"><span class=\"rsbtn_text\"><span>Vorlesen<\/span><\/span><\/span><span class=\"rsbtn_right rsimg rsplay rspart\"><\/span><\/a><\/div>\n<div id=\"rspeak_read_979\"> Vorlesen Teilhabe-Beratung, Peer-Counceling Mit unserem qualifizierten Team beraten wir zu allen Themen und Fragen rund um Teilhabe. \u00dcber unseren Kooperationspartner CBF bieten wir die Beratung auch in Form des Peer-Counceling an. Das bedeutet: Betroffene beraten Betroffene. F\u00f6rderung des Ehrenamts Bei all unseren Angeboten bieten wir die M\u00f6glichkeit, sich ehrenamtlich zu engagieren. Zum Beispiel im [&hellip;]<\/div>\n","protected":false},"author":1,"featured_media":0,"parent":0,"menu_order":0,"comment_status":"closed","ping_status":"closed","template":"page-templates\/full-width-page.php","meta":{"footnotes":""},"class_list":["post-979","page","type-page","status-publish","hentry"],"_links":{"self":[{"href":"https:\/\/inclusio-rbk.de\/index.php\/wp-json\/wp\/v2\/pages\/979","targetHints":{"allow":["GET"]}}],"collection":[{"href":"https:\/\/inclusio-rbk.de\/index.php\/wp-json\/wp\/v2\/pages"}],"about":[{"href":"https:\/\/inclusio-rbk.de\/index.php\/wp-json\/wp\/v2\/types\/page"}],"author":[{"embeddable":true,"href":"https:\/\/inclusio-rbk.de\/index.php\/wp-json\/wp\/v2\/users\/1"}],"replies":[{"embeddable":true,"href":"https:\/\/inclusio-rbk.de\/index.php\/wp-json\/wp\/v2\/comments?post=979"}],"version-history":[{"count":20,"href":"https:\/\/inclusio-rbk.de\/index.php\/wp-json\/wp\/v2\/pages\/979\/revisions"}],"predecessor-version":[{"id":3768,"href":"https:\/\/inclusio-rbk.de\/index.php\/wp-json\/wp\/v2\/pages\/979\/revisions\/3768"}],"wp:attachment":[{"href":"https:\/\/inclusio-rbk.de\/index.php\/wp-json\/wp\/v2\/media?parent=979"}],"curies":[{"name":"wp","href":"https:\/\/api.w.org\/{rel}","templated":true}]}}